{"id":667,"date":"2024-12-26T10:09:19","date_gmt":"2024-12-26T07:09:19","guid":{"rendered":"https:\/\/miacasahotels.com\/iletisim\/"},"modified":"2026-01-21T17:09:21","modified_gmt":"2026-01-21T14:09:21","slug":"iletisim","status":"publish","type":"page","link":"https:\/\/miacasahotels.com\/tr\/iletisim\/","title":{"rendered":"\u0130LET\u0130\u015e\u0130M"},"content":{"rendered":"","protected":false},"excerpt":{"rendered":"","protected":false},"author":1,"featured_media":0,"parent":0,"menu_order":0,"comment_status":"closed","ping_status":"closed","template":"","meta":{"_acf_changed":false,"footnotes":""},"class_list":["post-667","page","type-page","status-publish","hentry"],"acf":[],"_links":{"self":[{"href":"https:\/\/miacasahotels.com\/tr\/wp-json\/wp\/v2\/pages\/667","targetHints":{"allow":["GET"]}}],"collection":[{"href":"https:\/\/miacasahotels.com\/tr\/wp-json\/wp\/v2\/pages"}],"about":[{"href":"https:\/\/miacasahotels.com\/tr\/wp-json\/wp\/v2\/types\/page"}],"author":[{"embeddable":true,"href":"https:\/\/miacasahotels.com\/tr\/wp-json\/wp\/v2\/users\/1"}],"replies":[{"embeddable":true,"href":"https:\/\/miacasahotels.com\/tr\/wp-json\/wp\/v2\/comments?post=667"}],"version-history":[{"count":1,"href":"https:\/\/miacasahotels.com\/tr\/wp-json\/wp\/v2\/pages\/667\/revisions"}],"predecessor-version":[{"id":701,"href":"https:\/\/miacasahotels.com\/tr\/wp-json\/wp\/v2\/pages\/667\/revisions\/701"}],"wp:attachment":[{"href":"https:\/\/miacasahotels.com\/tr\/wp-json\/wp\/v2\/media?parent=667"}],"curies":[{"name":"wp","href":"https:\/\/api.w.org\/{rel}","templated":true}]}}